{"id":334,"date":"2023-01-11T15:02:14","date_gmt":"2023-01-11T14:02:14","guid":{"rendered":"https:\/\/foerderverein-stadtbibliothek-fl.de\/?page_id=334"},"modified":"2026-04-21T15:05:57","modified_gmt":"2026-04-21T13:05:57","slug":"projekte-2","status":"publish","type":"page","link":"https:\/\/foerderverein-stadtbibliothek-fl.de\/index.php\/projekte-2\/","title":{"rendered":"AKTIVIT\u00c4TEN"},"content":{"rendered":"\n<p style=\"font-size:16px\"><strong>Unsere dauerhaften Aktivit\u00e4ten im \u00dcberblick<\/strong><\/p>\n\n\n\n<p style=\"font-size:19px\"><strong> Vorlesen in der Kinderb\u00fccherei <\/strong><\/p>\n\n\n\n<p style=\"font-size:16px\">F\u00fcr Kinder ab 5 Jahren gibt es jeden Dienstag von 16 bis 17 Uhr Geschichten zu einem von den Vorleserinnen und Vorlesern ausgesuchtem Thema. Das aktuelle Programm wird auf der Homepage der Stadtbibliothek ver\u00f6ffentlicht: <em>https:\/\/stadtbibliothek.flensburg.de\/%C3%9Cber-uns\/Aktuelles\/<\/em><\/p>\n\n\n\n<p style=\"font-size:18px\"><strong>Lesef\u00f6rderung an Schulen<br><\/strong>Seit 2008 gibt es unser \u201eLesepatenprojekt\u201c.<br>Ungef\u00e4hr 100 Lesepatinnen und Lesepaten besuchen regelm\u00e4\u00dfig die Grundschulen in und um Flensburg, um einzeln oder in kleinen Gruppen mit den Kindern lesen zu \u00fcben. Zu unserer gro\u00dfen Freude wird dieses Projekt sehr gut angenommen, viele Lesepaten sind schon viele Jahre dabei. Die Coronapandemie brachte dieses Projekt vor\u00fcbergehend zum Erliegen, einige unserer Lesepaten sind in der Folge ausgeschieden.  Inzwischen haben wir  wieder viele neue Lesepaten gewinnen k\u00f6nnen, so dass wieder die meisten Grundschulen versorgt werden k\u00f6nnen. Eine umfassende Einf\u00fchrung bereitet neue Lesepaten auf ihre T\u00e4tigkeit vor. Regelm\u00e4\u00dfige Fortbildungen und Treffen sorgen f\u00fcr Austausch und die eigene Weiterbildung. So findet am 27. Februar 2024 f\u00fcr die Lesepaten das mittlerweile f\u00fcnfte Fortbildungsseminar ganzt\u00e4gig in Sankelmark statt.<\/p>\n\n\n\n<p style=\"font-size:16px\"><strong>Lesewelle<br><\/strong>Seit Jahren gibt es die \u201eLesewelle\u201c, die am <strong>bundesweiten<\/strong> \u201e<strong>Vorlesetag<\/strong>\u201c am dritten Freitag im November stattfindet.<br>Viele interessante Veranstaltungen begeisterten das Publikum. Die letzten beiden Jahre war es leider nur m\u00f6glich, morgens in geschlossenen Kindergartengruppen Kindern und Erziehern eine Auszeit der Pandemie zu erm\u00f6glichen. Am 18.11.2022 gab es eine Veranstaltung unter dem Titel: \u201eGl\u00fcck\u201c. Knut Keller und Frauke Lind begaben sich mit den Kindern auf Spurensuche.<\/p>\n\n\n\n<p style=\"font-size:16px\"><strong>Schreib- und Comicwettbewerbe<br><\/strong>Seit 2019 f\u00fchren wir Schreibwettbewerbe durch. 2022 gab es einen Schreibwettbewerb der 4. Klassen mit den Themen: \u201eAlles nur getr\u00e4umt?\u201c oder \u201eEs war ganz anders, als es aussah\u201c. Ein erster Comic-Wettbewerb in Zusammenarbeit mit dem bekannten Karikaturisten Kim Schmidt brachte zahlreiche Einsendungen und wurde mit einer Ausstellung in der D\u00e4nischen Zentralbibliothek abgeschlossen.<\/p>\n\n\n\n<p style=\"font-size:16px\"><strong>Vorlesen in Seniorenheimen<br><\/strong>Leider liegt dies Projekt seit Corona auf Eis. Wenn sich Interessenten finden, k\u00f6nnen wir wieder starten.<\/p>\n\n\n\n<p style=\"font-size:22px\"><strong>B\u00fccherbasare<\/strong><\/p>\n\n\n\n<p style=\"font-size:17px\">Drei- bis viermal im Jahr f\u00fchren wir B\u00fccherbasare in R\u00e4umen der Galerie Flensburg durch, seit 2023 wieder regelm\u00e4\u00dfig im Vortragssaal der Stadtbibliothek. <br>Unser Buchangebot kann sich sehen lassen, und es ist bestimmt f\u00fcr jeden etwas dabei! Wir haben regelm\u00e4\u00dfig eine gro\u00dfe Auswahl an Kinder- und Jugendb\u00fcchern, die sicher auch f\u00fcr Lehrer und Lehrerinnen, Erzieher und Erzieherinnen interessant sind.<\/p>\n\n\n\n<p style=\"font-size:17px\">Die B\u00fccher erhalten wir aus der Stadtbibliothek, die regelm\u00e4\u00dfig ihren Bestand aktualisiert und deshalb B\u00fccher aussortiert. Uns erreichen auch immer wieder Buchspenden. M\u00f6chten Sie B\u00fccher oder andere gut erhaltene Medien spenden? Bitte wenden Sie sich dann direkt an uns \u00fcber das Kontaktformular dieser Homepage: <em>https:\/\/foerderverein-stadtbibliothek-fl.de\/index.php\/kontakt\/<\/em>  <\/p>\n\n\n\n<p class=\"has-medium-font-size\"><strong>Lesungen<\/strong> <strong>und Konzerte<\/strong><\/p>\n\n\n\n<p class=\"has-medium-font-size\">In unregelm\u00e4\u00dfigen Abst\u00e4nden organisieren wir &#8211; zumeist in Zusammenarbeit mit der Stadtbibliothek &#8211; Lesungen und andere kulturelle Veranstaltungen. Einige unserer Vortragenden in den letzten Jahren waren: Stefanie Oeding (&#8222;Chanson de Paris&#8220;), Michael Jensen (Flensburg-Krimis), Prof. Gerhard Paul (&#8222;Neues zum NS&#8220; und &#8222;Die Bundesrepublik in Bildern&#8220;), Hans-Joachim Langbehn (&#8222;Flensburger Schulen im Grenzkampf 1920&#8220;), Andrea Paluch (&#8222;Gipfelgespr\u00e4ch&#8220;), Feridun Zaimoglu (&#8222;Bew\u00e4ltigung&#8220;), Kai Sina (&#8222;Thomas Manns Kampf f\u00fcr die Demokratie&#8220;), Stefanie Oeding und Band (&#8222;Emmy Hennings&#8220;).<\/p>\n\n\n\n<p><strong>Literaturkreis<\/strong><\/p>\n\n\n\n<p>Seit Januar 2023 treffen sich einmal im Monat circa 12 lesebegeisterte Menschen, um \u00fcber ein zuvor ausgew\u00e4hltes und von allen gelesenes Buch zu sprechen.<\/p>\n","protected":false},"excerpt":{"rendered":"<p>Unsere dauerhaften Aktivit\u00e4ten im \u00dcberblick Vorlesen in der Kinderb\u00fccherei F\u00fcr Kinder ab 5 Jahren gibt es jeden Dienstag von 16 bis 17 Uhr Geschichten zu einem von den Vorleserinnen und Vorlesern ausgesuchtem Thema. Das aktuelle Programm wird auf der Homepage der Stadtbibliothek ver\u00f6ffentlicht: https:\/\/stadtbibliothek.flensburg.de\/%C3%9Cber-uns\/Aktuelles\/ Lesef\u00f6rderung an SchulenSeit 2008 gibt es unser \u201eLesepatenprojekt\u201c.Ungef\u00e4hr 100 Lesepatinnen und [&hellip;]<\/p>\n","protected":false},"author":1,"featured_media":0,"parent":0,"menu_order":0,"comment_status":"closed","ping_status":"closed","template":"","meta":{"footnotes":""},"class_list":["post-334","page","type-page","status-publish","hentry"],"_links":{"self":[{"href":"https:\/\/foerderverein-stadtbibliothek-fl.de\/index.php\/wp-json\/wp\/v2\/pages\/334","targetHints":{"allow":["GET"]}}],"collection":[{"href":"https:\/\/foerderverein-stadtbibliothek-fl.de\/index.php\/wp-json\/wp\/v2\/pages"}],"about":[{"href":"https:\/\/foerderverein-stadtbibliothek-fl.de\/index.php\/wp-json\/wp\/v2\/types\/page"}],"author":[{"embeddable":true,"href":"https:\/\/foerderverein-stadtbibliothek-fl.de\/index.php\/wp-json\/wp\/v2\/users\/1"}],"replies":[{"embeddable":true,"href":"https:\/\/foerderverein-stadtbibliothek-fl.de\/index.php\/wp-json\/wp\/v2\/comments?post=334"}],"version-history":[{"count":16,"href":"https:\/\/foerderverein-stadtbibliothek-fl.de\/index.php\/wp-json\/wp\/v2\/pages\/334\/revisions"}],"predecessor-version":[{"id":2018,"href":"https:\/\/foerderverein-stadtbibliothek-fl.de\/index.php\/wp-json\/wp\/v2\/pages\/334\/revisions\/2018"}],"wp:attachment":[{"href":"https:\/\/foerderverein-stadtbibliothek-fl.de\/index.php\/wp-json\/wp\/v2\/media?parent=334"}],"curies":[{"name":"wp","href":"https:\/\/api.w.org\/{rel}","templated":true}]}}