{"id":345,"date":"2023-01-11T15:08:46","date_gmt":"2023-01-11T14:08:46","guid":{"rendered":"https:\/\/foerderverein-stadtbibliothek-fl.de\/?page_id=345"},"modified":"2026-03-02T21:33:19","modified_gmt":"2026-03-02T20:33:19","slug":"startseite","status":"publish","type":"page","link":"https:\/\/foerderverein-stadtbibliothek-fl.de\/","title":{"rendered":"STARTSEITE"},"content":{"rendered":"\n<figure class=\"wp-block-image size-full is-resized\"><img loading=\"lazy\" decoding=\"async\" width=\"368\" height=\"223\" src=\"https:\/\/foerderverein-stadtbibliothek-fl.de\/wp-content\/uploads\/2023\/02\/grafik-2.png\" alt=\"\" class=\"wp-image-688\" style=\"width:601px;height:auto\" srcset=\"https:\/\/foerderverein-stadtbibliothek-fl.de\/wp-content\/uploads\/2023\/02\/grafik-2.png 368w, https:\/\/foerderverein-stadtbibliothek-fl.de\/wp-content\/uploads\/2023\/02\/grafik-2-300x182.png 300w\" sizes=\"auto, (max-width: 368px) 100vw, 368px\" \/><\/figure>\n\n\n\n<p>Der F\u00f6rderverein der Stadtbibliothek Flensburg e.V. sieht es als seine Hauptaufgabe an, die Stadtbibliothek Flensburg mit ihren vielf\u00e4ltigen Angeboten f\u00fcr Kinder, Jugendliche und Erwachsene zu unterst\u00fctzen. Innovative Projekte, Veranstaltungen f\u00fcr unterschiedliche Zielgruppen und sinnvolle Medienanschaffungen werden von uns finanziell und pers\u00f6nlich mit getragen.<\/p>\n\n\n\n<p>Neben der F\u00f6rderung der Stadtbibliothek haben sich der Verein und seine Mitglieder das Ziel gesetzt, das Lesen im weitesten Sinne und insbesondere das Buch als wichtigstes Medium zu unterst\u00fctzen.<\/p>\n\n\n\n<p><em>\u201eWer B\u00fccher liest, schaut in die Welt \u2013 und nicht nur bis zum Zaune.\u201c<\/em> (Goethe)<\/p>\n\n\n\n<p style=\"font-size:16px\"><strong>Wir sind davon \u00fcberzeugt: \u00d6ffentliche Bibliotheken sind und bleiben unverzichtbar!<\/strong><\/p>\n\n\n\n<p><\/p>\n\n\n\n<p>Besuchen Sie auch die Homepage der Stadtbibliothek:<\/p>\n\n\n\n<p><a target=\"_blank\" href=\"https:\/\/stadtbibliothek.flensburg.de\/Kurzmen%C3%BC\/Startseite\/\">https:\/\/stadtbibliothek.flensburg.de\/<\/a><\/p>\n\n\n\n<p><\/p>\n","protected":false},"excerpt":{"rendered":"<p>Der F\u00f6rderverein der Stadtbibliothek Flensburg e.V. sieht es als seine Hauptaufgabe an, die Stadtbibliothek Flensburg mit ihren vielf\u00e4ltigen Angeboten f\u00fcr Kinder, Jugendliche und Erwachsene zu unterst\u00fctzen. Innovative Projekte, Veranstaltungen f\u00fcr unterschiedliche Zielgruppen und sinnvolle Medienanschaffungen werden von uns finanziell und pers\u00f6nlich mit getragen. Neben der F\u00f6rderung der Stadtbibliothek haben sich der Verein und seine Mitglieder [&hellip;]<\/p>\n","protected":false},"author":1,"featured_media":0,"parent":0,"menu_order":0,"comment_status":"closed","ping_status":"closed","template":"","meta":{"footnotes":""},"class_list":["post-345","page","type-page","status-publish","hentry"],"_links":{"self":[{"href":"https:\/\/foerderverein-stadtbibliothek-fl.de\/index.php\/wp-json\/wp\/v2\/pages\/345","targetHints":{"allow":["GET"]}}],"collection":[{"href":"https:\/\/foerderverein-stadtbibliothek-fl.de\/index.php\/wp-json\/wp\/v2\/pages"}],"about":[{"href":"https:\/\/foerderverein-stadtbibliothek-fl.de\/index.php\/wp-json\/wp\/v2\/types\/page"}],"author":[{"embeddable":true,"href":"https:\/\/foerderverein-stadtbibliothek-fl.de\/index.php\/wp-json\/wp\/v2\/users\/1"}],"replies":[{"embeddable":true,"href":"https:\/\/foerderverein-stadtbibliothek-fl.de\/index.php\/wp-json\/wp\/v2\/comments?post=345"}],"version-history":[{"count":14,"href":"https:\/\/foerderverein-stadtbibliothek-fl.de\/index.php\/wp-json\/wp\/v2\/pages\/345\/revisions"}],"predecessor-version":[{"id":1973,"href":"https:\/\/foerderverein-stadtbibliothek-fl.de\/index.php\/wp-json\/wp\/v2\/pages\/345\/revisions\/1973"}],"wp:attachment":[{"href":"https:\/\/foerderverein-stadtbibliothek-fl.de\/index.php\/wp-json\/wp\/v2\/media?parent=345"}],"curies":[{"name":"wp","href":"https:\/\/api.w.org\/{rel}","templated":true}]}}