{"id":349,"date":"2023-01-11T15:13:09","date_gmt":"2023-01-11T14:13:09","guid":{"rendered":"https:\/\/foerderverein-stadtbibliothek-fl.de\/?page_id=349"},"modified":"2026-04-01T19:12:32","modified_gmt":"2026-04-01T17:12:32","slug":"uber-uns","status":"publish","type":"page","link":"https:\/\/foerderverein-stadtbibliothek-fl.de\/index.php\/uber-uns\/","title":{"rendered":"\u00dcBER UNS"},"content":{"rendered":"\n<p style=\"font-size:16px\">Der F\u00f6rderverein der Stadtbibliothek Flensburg e.V. ist ein eingetragener gemeinn\u00fctziger Verein, der die Stadtbibliothek Flensburg in ihrem Bildungs- und Kulturauftrag unterst\u00fctzt<strong>.<\/strong><\/p>\n\n\n\n<p style=\"font-size:16px\"><strong>Satzung:<\/strong> https:\/\/foerderverein-stadtbibliothek-fl.de\/index.php\/satzung\/ <\/p>\n\n\n\n<p style=\"font-size:16px\"><strong>Vorstand:<\/strong><\/p>\n\n\n\n<p style=\"font-size:16px\">1.Vorsitzender: Hans-Joachim Langbehn<\/p>\n\n\n\n<p style=\"font-size:16px\">2. Vorsitzender: Dr. G\u00fcnter Rinke<\/p>\n\n\n\n<p style=\"font-size:16px\">Schatzmeisterin: Frauke Lind<\/p>\n\n\n\n<p style=\"font-size:16px\">Beisitzer: Burkhard Seidler<br>Beisitzer: Sandra Nickel<br><\/p>\n\n\n\n<p style=\"font-size:16px\"><strong>Unsere Ziele und Projekte<\/strong>:<\/p>\n\n\n\n<p style=\"font-size:16px\">&#8211;<strong> <\/strong>Freunde und F\u00f6rderer f\u00fcr die Bibliothek gewinnen,<\/p>\n\n\n\n<p style=\"font-size:16px\">&#8211; auf Veranstaltungen bei Kindern, Jugendlichen und Erwachsenen die Lust auf Literatur wecken,<\/p>\n\n\n\n<p style=\"font-size:16px\">&#8211; durch Lesepaten die Lesekompetenz bei den Sch\u00fclerinnen und Sch\u00fclern steigern,<\/p>\n\n\n\n<p style=\"font-size:16px\">&#8211; durch Vorlesen in der Kinderb\u00fccherei Freude an B\u00fcchern vermitteln,<\/p>\n\n\n\n<p style=\"font-size:16px\">&#8211; die Stadtbibliothek finanziell unterst\u00fctzen,<\/p>\n\n\n\n<p style=\"font-size:16px\">&#8211; neue Ideen entwickeln und vermitteln.<\/p>\n\n\n\n<p style=\"font-size:16px\"><strong>Wir freuen uns \u00fcber jeden, der mitmachen m\u00f6chte!<\/strong><\/p>\n","protected":false},"excerpt":{"rendered":"<p>Der F\u00f6rderverein der Stadtbibliothek Flensburg e.V. ist ein eingetragener gemeinn\u00fctziger Verein, der die Stadtbibliothek Flensburg in ihrem Bildungs- und Kulturauftrag unterst\u00fctzt. Satzung: https:\/\/foerderverein-stadtbibliothek-fl.de\/index.php\/satzung\/ Vorstand: 1.Vorsitzender: Hans-Joachim Langbehn 2. Vorsitzender: Dr. G\u00fcnter Rinke Schatzmeisterin: Frauke Lind Beisitzer: Burkhard SeidlerBeisitzer: Sandra Nickel Unsere Ziele und Projekte: &#8211; Freunde und F\u00f6rderer f\u00fcr die Bibliothek gewinnen, &#8211; auf Veranstaltungen [&hellip;]<\/p>\n","protected":false},"author":1,"featured_media":0,"parent":0,"menu_order":0,"comment_status":"closed","ping_status":"closed","template":"","meta":{"footnotes":""},"class_list":["post-349","page","type-page","status-publish","hentry"],"_links":{"self":[{"href":"https:\/\/foerderverein-stadtbibliothek-fl.de\/index.php\/wp-json\/wp\/v2\/pages\/349","targetHints":{"allow":["GET"]}}],"collection":[{"href":"https:\/\/foerderverein-stadtbibliothek-fl.de\/index.php\/wp-json\/wp\/v2\/pages"}],"about":[{"href":"https:\/\/foerderverein-stadtbibliothek-fl.de\/index.php\/wp-json\/wp\/v2\/types\/page"}],"author":[{"embeddable":true,"href":"https:\/\/foerderverein-stadtbibliothek-fl.de\/index.php\/wp-json\/wp\/v2\/users\/1"}],"replies":[{"embeddable":true,"href":"https:\/\/foerderverein-stadtbibliothek-fl.de\/index.php\/wp-json\/wp\/v2\/comments?post=349"}],"version-history":[{"count":13,"href":"https:\/\/foerderverein-stadtbibliothek-fl.de\/index.php\/wp-json\/wp\/v2\/pages\/349\/revisions"}],"predecessor-version":[{"id":1931,"href":"https:\/\/foerderverein-stadtbibliothek-fl.de\/index.php\/wp-json\/wp\/v2\/pages\/349\/revisions\/1931"}],"wp:attachment":[{"href":"https:\/\/foerderverein-stadtbibliothek-fl.de\/index.php\/wp-json\/wp\/v2\/media?parent=349"}],"curies":[{"name":"wp","href":"https:\/\/api.w.org\/{rel}","templated":true}]}}