{"id":354,"date":"2023-01-11T15:16:59","date_gmt":"2023-01-11T14:16:59","guid":{"rendered":"https:\/\/foerderverein-stadtbibliothek-fl.de\/?page_id=354"},"modified":"2023-02-14T13:15:30","modified_gmt":"2023-02-14T12:15:30","slug":"mitglied-werden","status":"publish","type":"page","link":"https:\/\/foerderverein-stadtbibliothek-fl.de\/index.php\/mitglied-werden\/","title":{"rendered":"MITGLIED WERDEN"},"content":{"rendered":"\n<p style=\"font-size:16px\">Der F\u00f6rderverein der Stadtbibliothek Flensburg e.V. sieht seine vordringliche Aufgabe in der Lesef\u00f6rderung und will die Arbeit der Stadtbibliothek darin unterst\u00fctzen. Um dieses Ziel zu erreichen ist, der Verein auf weitere aktive und passive Mitglieder und Spenden angewiesen. <br>Ihr Mitgliedsbeitrag ist steuerlich absetzbar und betr\u00e4gt zurzeit f\u00fcr Privatpersonen <strong>\u20ac 25,00 im Jah<\/strong>r.<\/p>\n\n\n\n<p style=\"font-size:16px\">Wir freuen uns, wenn wir Ihr Interesse wecken konnten!<\/p>\n\n\n\n<p class=\"has-black-color has-text-color\" style=\"font-size:16px\"><strong>Zum Mitgliedsantrag <br>bitte <a rel=\"noreferrer noopener\" href=\"https:\/\/foerderverein-stadtbibliothek-fl.de\/wp-content\/uploads\/2023\/02\/Mitglied-werden.pdf\" target=\"_blank\">hier klicken<\/a><\/strong><\/p>\n\n\n\n<p style=\"font-size:16px\"><strong>Wir freuen uns auch, wenn Sie unsere Arbeit mit einer Spende unterst\u00fctzen.<\/strong><\/p>\n\n\n\n<p>Unsere Bankverbindung: <br>IBAN: DE38 2175 0000 0017 1171 27<br>SWIFT-BIC: NOLADE21NOS<\/p>\n\n\n\n<p>Eine Spendenbescheinigung wird Ihnen zugeschickt, wenn Sie ihre vollst\u00e4ndige Anschrift auf der \u00dcberweisung angeben.<\/p>\n\n\n\n<p style=\"font-size:16px\">Wir danken&nbsp;f\u00fcr die freundliche Unterst\u00fctzung.<\/p>\n\n\n\n<figure class=\"wp-block-image size-full\"><img loading=\"lazy\" decoding=\"async\" width=\"197\" height=\"116\" src=\"https:\/\/foerderverein-stadtbibliothek-fl.de\/wp-content\/uploads\/2023\/01\/cropped-rsz_cropped-download_new_logo.png\" alt=\"\" class=\"wp-image-466\"\/><\/figure>\n\n\n\n<p><\/p>\n","protected":false},"excerpt":{"rendered":"<p>Der F\u00f6rderverein der Stadtbibliothek Flensburg e.V. sieht seine vordringliche Aufgabe in der Lesef\u00f6rderung und will die Arbeit der Stadtbibliothek darin unterst\u00fctzen. Um dieses Ziel zu erreichen ist, der Verein auf weitere aktive und passive Mitglieder und Spenden angewiesen. Ihr Mitgliedsbeitrag ist steuerlich absetzbar und betr\u00e4gt zurzeit f\u00fcr Privatpersonen \u20ac 25,00 im Jahr. Wir freuen uns, [&hellip;]<\/p>\n","protected":false},"author":1,"featured_media":0,"parent":0,"menu_order":0,"comment_status":"closed","ping_status":"closed","template":"","meta":{"footnotes":""},"class_list":["post-354","page","type-page","status-publish","hentry"],"_links":{"self":[{"href":"https:\/\/foerderverein-stadtbibliothek-fl.de\/index.php\/wp-json\/wp\/v2\/pages\/354","targetHints":{"allow":["GET"]}}],"collection":[{"href":"https:\/\/foerderverein-stadtbibliothek-fl.de\/index.php\/wp-json\/wp\/v2\/pages"}],"about":[{"href":"https:\/\/foerderverein-stadtbibliothek-fl.de\/index.php\/wp-json\/wp\/v2\/types\/page"}],"author":[{"embeddable":true,"href":"https:\/\/foerderverein-stadtbibliothek-fl.de\/index.php\/wp-json\/wp\/v2\/users\/1"}],"replies":[{"embeddable":true,"href":"https:\/\/foerderverein-stadtbibliothek-fl.de\/index.php\/wp-json\/wp\/v2\/comments?post=354"}],"version-history":[{"count":14,"href":"https:\/\/foerderverein-stadtbibliothek-fl.de\/index.php\/wp-json\/wp\/v2\/pages\/354\/revisions"}],"predecessor-version":[{"id":684,"href":"https:\/\/foerderverein-stadtbibliothek-fl.de\/index.php\/wp-json\/wp\/v2\/pages\/354\/revisions\/684"}],"wp:attachment":[{"href":"https:\/\/foerderverein-stadtbibliothek-fl.de\/index.php\/wp-json\/wp\/v2\/media?parent=354"}],"curies":[{"name":"wp","href":"https:\/\/api.w.org\/{rel}","templated":true}]}}