{"id":437,"date":"2023-01-26T14:02:46","date_gmt":"2023-01-26T13:02:46","guid":{"rendered":"https:\/\/foerderverein-stadtbibliothek-fl.de\/?page_id=437"},"modified":"2026-04-21T15:16:05","modified_gmt":"2026-04-21T13:16:05","slug":"veranstaltungen","status":"publish","type":"page","link":"https:\/\/foerderverein-stadtbibliothek-fl.de\/index.php\/veranstaltungen\/","title":{"rendered":"VERANSTALTUNGEN"},"content":{"rendered":"\n<p><strong>Der n\u00e4chste B\u00fccherbasar findet am 3. und 4. Juli 2026 im Vortragssaal der Stadtb\u00fccherei statt.<\/strong><\/p>\n\n\n\n<figure class=\"wp-block-image size-large is-resized\"><img loading=\"lazy\" decoding=\"async\" width=\"934\" height=\"1024\" src=\"https:\/\/foerderverein-stadtbibliothek-fl.de\/wp-content\/uploads\/2026\/02\/grafik-1-934x1024.png\" alt=\"\" class=\"wp-image-1952\" style=\"aspect-ratio:0.912101622092347;width:766px;height:auto\" srcset=\"https:\/\/foerderverein-stadtbibliothek-fl.de\/wp-content\/uploads\/2026\/02\/grafik-1-934x1024.png 934w, https:\/\/foerderverein-stadtbibliothek-fl.de\/wp-content\/uploads\/2026\/02\/grafik-1-274x300.png 274w, https:\/\/foerderverein-stadtbibliothek-fl.de\/wp-content\/uploads\/2026\/02\/grafik-1-768x842.png 768w, https:\/\/foerderverein-stadtbibliothek-fl.de\/wp-content\/uploads\/2026\/02\/grafik-1-456x500.png 456w, https:\/\/foerderverein-stadtbibliothek-fl.de\/wp-content\/uploads\/2026\/02\/grafik-1.png 945w\" sizes=\"auto, (max-width: 934px) 100vw, 934px\" \/><\/figure>\n\n\n\n<p>Angeboten werden gel\u00f6schte B\u00fccher und Medien der Stadtbibliothek und B\u00fccher aus Spenden zum Preis von jeweils einem Euro. Es gibt Bildb\u00e4nde, Kinder- und Jugendb\u00fccher, Sachb\u00fccher, Krimis, Romane und vieles mehr: CD\u00b4s, DVD\u00b4s, LP\u00b4s, Kindercassetten &#8230; Es ist bestimmt auch etwas f\u00fcr Sie dabei.<\/p>\n\n\n\n<p><\/p>\n\n\n\n<p><\/p>\n\n\n\n<p><\/p>\n\n\n\n<p><strong>Veranstaltungen in der Vergangenheit<\/strong><\/p>\n\n\n\n<figure class=\"wp-block-image size-large is-resized\"><img loading=\"lazy\" decoding=\"async\" width=\"724\" height=\"1024\" src=\"https:\/\/foerderverein-stadtbibliothek-fl.de\/wp-content\/uploads\/2026\/04\/Emmy-Hennings-Plakat.-Webversion-724x1024.jpg\" alt=\"\" class=\"wp-image-2011\" style=\"aspect-ratio:0.7070325203078777;width:357px;height:auto\" srcset=\"https:\/\/foerderverein-stadtbibliothek-fl.de\/wp-content\/uploads\/2026\/04\/Emmy-Hennings-Plakat.-Webversion-724x1024.jpg 724w, https:\/\/foerderverein-stadtbibliothek-fl.de\/wp-content\/uploads\/2026\/04\/Emmy-Hennings-Plakat.-Webversion-212x300.jpg 212w, https:\/\/foerderverein-stadtbibliothek-fl.de\/wp-content\/uploads\/2026\/04\/Emmy-Hennings-Plakat.-Webversion-768x1086.jpg 768w, https:\/\/foerderverein-stadtbibliothek-fl.de\/wp-content\/uploads\/2026\/04\/Emmy-Hennings-Plakat.-Webversion-1086x1536.jpg 1086w, https:\/\/foerderverein-stadtbibliothek-fl.de\/wp-content\/uploads\/2026\/04\/Emmy-Hennings-Plakat.-Webversion-354x500.jpg 354w, https:\/\/foerderverein-stadtbibliothek-fl.de\/wp-content\/uploads\/2026\/04\/Emmy-Hennings-Plakat.-Webversion.jpg 1414w\" sizes=\"auto, (max-width: 724px) 100vw, 724px\" \/><\/figure>\n\n\n\n<figure class=\"wp-block-image size-large\"><img loading=\"lazy\" decoding=\"async\" width=\"1024\" height=\"388\" src=\"https:\/\/foerderverein-stadtbibliothek-fl.de\/wp-content\/uploads\/2026\/04\/Konzertfoto-18.4.2026-1-1024x388.jpg\" alt=\"\" class=\"wp-image-2022\" srcset=\"https:\/\/foerderverein-stadtbibliothek-fl.de\/wp-content\/uploads\/2026\/04\/Konzertfoto-18.4.2026-1-1024x388.jpg 1024w, https:\/\/foerderverein-stadtbibliothek-fl.de\/wp-content\/uploads\/2026\/04\/Konzertfoto-18.4.2026-1-300x114.jpg 300w, https:\/\/foerderverein-stadtbibliothek-fl.de\/wp-content\/uploads\/2026\/04\/Konzertfoto-18.4.2026-1-768x291.jpg 768w, https:\/\/foerderverein-stadtbibliothek-fl.de\/wp-content\/uploads\/2026\/04\/Konzertfoto-18.4.2026-1-1536x582.jpg 1536w, https:\/\/foerderverein-stadtbibliothek-fl.de\/wp-content\/uploads\/2026\/04\/Konzertfoto-18.4.2026-1-2048x776.jpg 2048w, https:\/\/foerderverein-stadtbibliothek-fl.de\/wp-content\/uploads\/2026\/04\/Konzertfoto-18.4.2026-1-816x309.jpg 816w\" sizes=\"auto, (max-width: 1024px) 100vw, 1024px\" \/><\/figure>\n\n\n\n<p>Der Saal war voll und alle waren begeistert.<\/p>\n\n\n\n<figure class=\"wp-block-image size-full\"><img loading=\"lazy\" decoding=\"async\" width=\"324\" height=\"429\" src=\"https:\/\/foerderverein-stadtbibliothek-fl.de\/wp-content\/uploads\/2026\/03\/Fruehlingsgeschichten-26.jpg\" alt=\"\" class=\"wp-image-1966\" srcset=\"https:\/\/foerderverein-stadtbibliothek-fl.de\/wp-content\/uploads\/2026\/03\/Fruehlingsgeschichten-26.jpg 324w, https:\/\/foerderverein-stadtbibliothek-fl.de\/wp-content\/uploads\/2026\/03\/Fruehlingsgeschichten-26-227x300.jpg 227w\" sizes=\"auto, (max-width: 324px) 100vw, 324px\" \/><\/figure>\n\n\n\n<figure class=\"wp-block-image size-full is-resized\"><img loading=\"lazy\" decoding=\"async\" width=\"667\" height=\"884\" src=\"https:\/\/foerderverein-stadtbibliothek-fl.de\/wp-content\/uploads\/2025\/12\/Rummelpott-Plakat.jpg\" alt=\"\" class=\"wp-image-1916\" style=\"aspect-ratio:0.7545361611626292;width:245px;height:auto\" srcset=\"https:\/\/foerderverein-stadtbibliothek-fl.de\/wp-content\/uploads\/2025\/12\/Rummelpott-Plakat.jpg 667w, https:\/\/foerderverein-stadtbibliothek-fl.de\/wp-content\/uploads\/2025\/12\/Rummelpott-Plakat-226x300.jpg 226w, https:\/\/foerderverein-stadtbibliothek-fl.de\/wp-content\/uploads\/2025\/12\/Rummelpott-Plakat-377x500.jpg 377w\" sizes=\"auto, (max-width: 667px) 100vw, 667px\" \/><\/figure>\n\n\n\n<figure class=\"wp-block-image size-full is-resized\"><img loading=\"lazy\" decoding=\"async\" width=\"540\" height=\"664\" src=\"https:\/\/foerderverein-stadtbibliothek-fl.de\/wp-content\/uploads\/2025\/12\/Plakat-zum-Text.jpg\" alt=\"\" class=\"wp-image-1914\" style=\"width:251px;height:auto\" srcset=\"https:\/\/foerderverein-stadtbibliothek-fl.de\/wp-content\/uploads\/2025\/12\/Plakat-zum-Text.jpg 540w, https:\/\/foerderverein-stadtbibliothek-fl.de\/wp-content\/uploads\/2025\/12\/Plakat-zum-Text-244x300.jpg 244w, https:\/\/foerderverein-stadtbibliothek-fl.de\/wp-content\/uploads\/2025\/12\/Plakat-zum-Text-407x500.jpg 407w\" sizes=\"auto, (max-width: 540px) 100vw, 540px\" \/><\/figure>\n\n\n\n<h1 class=\"wp-block-heading\"><\/h1>\n\n\n\n<figure class=\"wp-block-image size-large is-resized\"><img loading=\"lazy\" decoding=\"async\" width=\"1024\" height=\"1006\" src=\"https:\/\/foerderverein-stadtbibliothek-fl.de\/wp-content\/uploads\/2025\/11\/Plakat_Weihnachtszeit-1024x1006.jpg\" alt=\"\" class=\"wp-image-1904\" style=\"aspect-ratio:1.0178939239708111;width:283px;height:auto\" srcset=\"https:\/\/foerderverein-stadtbibliothek-fl.de\/wp-content\/uploads\/2025\/11\/Plakat_Weihnachtszeit-1024x1006.jpg 1024w, https:\/\/foerderverein-stadtbibliothek-fl.de\/wp-content\/uploads\/2025\/11\/Plakat_Weihnachtszeit-300x295.jpg 300w, https:\/\/foerderverein-stadtbibliothek-fl.de\/wp-content\/uploads\/2025\/11\/Plakat_Weihnachtszeit-768x755.jpg 768w, https:\/\/foerderverein-stadtbibliothek-fl.de\/wp-content\/uploads\/2025\/11\/Plakat_Weihnachtszeit-1536x1510.jpg 1536w, https:\/\/foerderverein-stadtbibliothek-fl.de\/wp-content\/uploads\/2025\/11\/Plakat_Weihnachtszeit-509x500.jpg 509w, https:\/\/foerderverein-stadtbibliothek-fl.de\/wp-content\/uploads\/2025\/11\/Plakat_Weihnachtszeit.jpg 1748w\" sizes=\"auto, (max-width: 1024px) 100vw, 1024px\" \/><\/figure>\n\n\n\n<h2 class=\"wp-block-heading\"><\/h2>\n\n\n\n<p><\/p>\n\n\n\n<figure class=\"wp-block-image size-full is-resized\"><img loading=\"lazy\" decoding=\"async\" width=\"497\" height=\"705\" src=\"https:\/\/foerderverein-stadtbibliothek-fl.de\/wp-content\/uploads\/2025\/05\/Piratengeschichten.jpeg\" alt=\"\" class=\"wp-image-1759\" style=\"width:271px;height:auto\" srcset=\"https:\/\/foerderverein-stadtbibliothek-fl.de\/wp-content\/uploads\/2025\/05\/Piratengeschichten.jpeg 497w, https:\/\/foerderverein-stadtbibliothek-fl.de\/wp-content\/uploads\/2025\/05\/Piratengeschichten-211x300.jpeg 211w, https:\/\/foerderverein-stadtbibliothek-fl.de\/wp-content\/uploads\/2025\/05\/Piratengeschichten-352x500.jpeg 352w\" sizes=\"auto, (max-width: 497px) 100vw, 497px\" \/><\/figure>\n\n\n\n<p><\/p>\n\n\n\n<figure class=\"wp-block-image size-large is-resized\"><img loading=\"lazy\" decoding=\"async\" width=\"724\" height=\"1024\" src=\"https:\/\/foerderverein-stadtbibliothek-fl.de\/wp-content\/uploads\/2025\/10\/Screenshot-2025-10-22-at-15-18-31-Plakat_Lesung_Kai_Sina_DIN_A3.indd-Plakat_Lesung_Kai_Sina_DIN_A3-2.pdf-1-724x1024.png\" alt=\"\" class=\"wp-image-1880\" style=\"width:242px;height:auto\" srcset=\"https:\/\/foerderverein-stadtbibliothek-fl.de\/wp-content\/uploads\/2025\/10\/Screenshot-2025-10-22-at-15-18-31-Plakat_Lesung_Kai_Sina_DIN_A3.indd-Plakat_Lesung_Kai_Sina_DIN_A3-2.pdf-1-724x1024.png 724w, https:\/\/foerderverein-stadtbibliothek-fl.de\/wp-content\/uploads\/2025\/10\/Screenshot-2025-10-22-at-15-18-31-Plakat_Lesung_Kai_Sina_DIN_A3.indd-Plakat_Lesung_Kai_Sina_DIN_A3-2.pdf-1-212x300.png 212w, https:\/\/foerderverein-stadtbibliothek-fl.de\/wp-content\/uploads\/2025\/10\/Screenshot-2025-10-22-at-15-18-31-Plakat_Lesung_Kai_Sina_DIN_A3.indd-Plakat_Lesung_Kai_Sina_DIN_A3-2.pdf-1-768x1086.png 768w, https:\/\/foerderverein-stadtbibliothek-fl.de\/wp-content\/uploads\/2025\/10\/Screenshot-2025-10-22-at-15-18-31-Plakat_Lesung_Kai_Sina_DIN_A3.indd-Plakat_Lesung_Kai_Sina_DIN_A3-2.pdf-1-354x500.png 354w, https:\/\/foerderverein-stadtbibliothek-fl.de\/wp-content\/uploads\/2025\/10\/Screenshot-2025-10-22-at-15-18-31-Plakat_Lesung_Kai_Sina_DIN_A3.indd-Plakat_Lesung_Kai_Sina_DIN_A3-2.pdf-1.png 1040w\" sizes=\"auto, (max-width: 724px) 100vw, 724px\" \/><\/figure>\n\n\n\n<p><\/p>\n\n\n\n<figure class=\"wp-block-image size-large is-resized\"><img loading=\"lazy\" decoding=\"async\" width=\"728\" height=\"1024\" src=\"https:\/\/foerderverein-stadtbibliothek-fl.de\/wp-content\/uploads\/2025\/03\/Plakat_Jahreszeit_Geschichten_FRUEHLING_DIN_A3-1-728x1024.jpg\" alt=\"\" class=\"wp-image-1740\" style=\"width:302px;height:auto\" srcset=\"https:\/\/foerderverein-stadtbibliothek-fl.de\/wp-content\/uploads\/2025\/03\/Plakat_Jahreszeit_Geschichten_FRUEHLING_DIN_A3-1-728x1024.jpg 728w, https:\/\/foerderverein-stadtbibliothek-fl.de\/wp-content\/uploads\/2025\/03\/Plakat_Jahreszeit_Geschichten_FRUEHLING_DIN_A3-1-213x300.jpg 213w, https:\/\/foerderverein-stadtbibliothek-fl.de\/wp-content\/uploads\/2025\/03\/Plakat_Jahreszeit_Geschichten_FRUEHLING_DIN_A3-1-768x1080.jpg 768w, https:\/\/foerderverein-stadtbibliothek-fl.de\/wp-content\/uploads\/2025\/03\/Plakat_Jahreszeit_Geschichten_FRUEHLING_DIN_A3-1-356x500.jpg 356w, https:\/\/foerderverein-stadtbibliothek-fl.de\/wp-content\/uploads\/2025\/03\/Plakat_Jahreszeit_Geschichten_FRUEHLING_DIN_A3-1.jpg 859w\" sizes=\"auto, (max-width: 728px) 100vw, 728px\" \/><\/figure>\n\n\n\n<p><\/p>\n\n\n\n<figure class=\"wp-block-image size-large is-resized\"><img loading=\"lazy\" decoding=\"async\" width=\"711\" height=\"1024\" src=\"https:\/\/foerderverein-stadtbibliothek-fl.de\/wp-content\/uploads\/2025\/02\/IMG_20250210_170540_edit_75101285153644-711x1024.jpg\" alt=\"\" class=\"wp-image-1677\" style=\"width:299px;height:auto\" srcset=\"https:\/\/foerderverein-stadtbibliothek-fl.de\/wp-content\/uploads\/2025\/02\/IMG_20250210_170540_edit_75101285153644-711x1024.jpg 711w, https:\/\/foerderverein-stadtbibliothek-fl.de\/wp-content\/uploads\/2025\/02\/IMG_20250210_170540_edit_75101285153644-208x300.jpg 208w, https:\/\/foerderverein-stadtbibliothek-fl.de\/wp-content\/uploads\/2025\/02\/IMG_20250210_170540_edit_75101285153644-768x1106.jpg 768w, https:\/\/foerderverein-stadtbibliothek-fl.de\/wp-content\/uploads\/2025\/02\/IMG_20250210_170540_edit_75101285153644-1067x1536.jpg 1067w, https:\/\/foerderverein-stadtbibliothek-fl.de\/wp-content\/uploads\/2025\/02\/IMG_20250210_170540_edit_75101285153644-1422x2048.jpg 1422w, https:\/\/foerderverein-stadtbibliothek-fl.de\/wp-content\/uploads\/2025\/02\/IMG_20250210_170540_edit_75101285153644-347x500.jpg 347w, https:\/\/foerderverein-stadtbibliothek-fl.de\/wp-content\/uploads\/2025\/02\/IMG_20250210_170540_edit_75101285153644-scaled.jpg 1778w\" sizes=\"auto, (max-width: 711px) 100vw, 711px\" \/><\/figure>\n\n\n\n<h2 class=\"wp-block-heading\"><\/h2>\n\n\n\n<p><\/p>\n\n\n\n<p><\/p>\n\n\n\n<p><\/p>\n\n\n\n<p><\/p>\n\n\n\n<p><\/p>\n\n\n\n<p><\/p>\n","protected":false},"excerpt":{"rendered":"<p>Der n\u00e4chste B\u00fccherbasar findet am 3. und 4. Juli 2026 im Vortragssaal der Stadtb\u00fccherei statt. Angeboten werden gel\u00f6schte B\u00fccher und Medien der Stadtbibliothek und B\u00fccher aus Spenden zum Preis von jeweils einem Euro. Es gibt Bildb\u00e4nde, Kinder- und Jugendb\u00fccher, Sachb\u00fccher, Krimis, Romane und vieles mehr: CD\u00b4s, DVD\u00b4s, LP\u00b4s, Kindercassetten &#8230; Es ist bestimmt auch etwas [&hellip;]<\/p>\n","protected":false},"author":1,"featured_media":0,"parent":0,"menu_order":0,"comment_status":"closed","ping_status":"closed","template":"","meta":{"footnotes":""},"class_list":["post-437","page","type-page","status-publish","hentry"],"_links":{"self":[{"href":"https:\/\/foerderverein-stadtbibliothek-fl.de\/index.php\/wp-json\/wp\/v2\/pages\/437","targetHints":{"allow":["GET"]}}],"collection":[{"href":"https:\/\/foerderverein-stadtbibliothek-fl.de\/index.php\/wp-json\/wp\/v2\/pages"}],"about":[{"href":"https:\/\/foerderverein-stadtbibliothek-fl.de\/index.php\/wp-json\/wp\/v2\/types\/page"}],"author":[{"embeddable":true,"href":"https:\/\/foerderverein-stadtbibliothek-fl.de\/index.php\/wp-json\/wp\/v2\/users\/1"}],"replies":[{"embeddable":true,"href":"https:\/\/foerderverein-stadtbibliothek-fl.de\/index.php\/wp-json\/wp\/v2\/comments?post=437"}],"version-history":[{"count":105,"href":"https:\/\/foerderverein-stadtbibliothek-fl.de\/index.php\/wp-json\/wp\/v2\/pages\/437\/revisions"}],"predecessor-version":[{"id":2025,"href":"https:\/\/foerderverein-stadtbibliothek-fl.de\/index.php\/wp-json\/wp\/v2\/pages\/437\/revisions\/2025"}],"wp:attachment":[{"href":"https:\/\/foerderverein-stadtbibliothek-fl.de\/index.php\/wp-json\/wp\/v2\/media?parent=437"}],"curies":[{"name":"wp","href":"https:\/\/api.w.org\/{rel}","templated":true}]}}