{"id":565,"date":"2023-02-07T19:57:05","date_gmt":"2023-02-07T18:57:05","guid":{"rendered":"https:\/\/foerderverein-stadtbibliothek-fl.de\/?page_id=565"},"modified":"2023-04-06T10:47:49","modified_gmt":"2023-04-06T08:47:49","slug":"lesetipps","status":"publish","type":"page","link":"https:\/\/foerderverein-stadtbibliothek-fl.de\/index.php\/lesetipps\/","title":{"rendered":"LESETIPPS"},"content":{"rendered":"\n<p>Februar 2023<\/p>\n\n\n\n<p class=\"has-medium-font-size\">Ian McEwan, Lektionen, Diogenes Verlag 2022<\/p>\n\n\n\n<p style=\"font-size:16px\">\u201eMy Life as a Man\u201c hie\u00df ein Roman des amerikanischen Erfolgsautors Philip Roth. Der englische Schriftsteller Ian McEwan hat nun ein weiteres Mal den Versuch gemacht, ein \u201eLeben als Mann\u201c zu schildern. Dazu braucht er 700 Seiten, die an keiner Stelle langweilig werden. Entscheidende Erfahrungen, die die Hauptfigur Roland Baines pr\u00e4gen, sind die Verf\u00fchrung durch seine Klavierlehrerin, als er noch minderj\u00e4hrig ist, und der Schock, dass seine Ehefrau ihn und den kleinen Sohn verl\u00e4sst, um eine ber\u00fchmte Schriftstellerin zu werden. Das private Leben spielt sich vor dem Hintergrund weltpolitischer Ereignisse ab, die es beeinflussen: Kubakrise, Reaktorkatastrophe von Tschernobyl, Mauerfall, die \u00c4ra Thatcher in England, danach der triumphale Sieg der Labour Party, gef\u00fchrt von Tony Blair. Roland Baines nutzt seine Talente als Pianist, Schriftsteller, m\u00f6glicher Tennisprofi nicht. Er kommt zu der Einsicht, dass er sein Leben mit wechselnden Frauenbeziehungen und Jobs vert\u00e4ndelt hat. Und er fragt sich, wie die Aufbruchsstimmung von 1989 verloren gehen konnte, so dass es 2021 zum Sturm auf das US-Kapitol kam. McEwan erz\u00e4hlt sehr anschaulich, psychologisch feinf\u00fchlig und spannend vom Leben eines Mannes in der zweiten H\u00e4lfte des 20. und am Anfang des 21. Jahrhunderts.<\/p>\n\n\n\n<p style=\"font-size:16px\">Dr. G\u00fcnter Rinke<\/p>\n\n\n\n<p><\/p>\n\n\n\n<p><strong>Hartmut Rosa: Demokratie braucht Religion : \u00fcber ein eigent\u00fcmliches Resonanzverh\u00e4ltnis : basierend auf einem Vortrag beim W\u00fcrzburger Di\u00f6zesanempfang 2022, M\u00fcnchen 2022<\/strong><\/p>\n\n\n\n<p>Es ist ein ungew\u00f6hnliches Buch, gerade einmal 75 Seiten stark und auch nicht allzu eng bedruckt. Und eigentlich ist es auch nur abgedruckter Vortrag, den einer der renommiertesten deutschen Soziologen Anfang 2022 vor Kirchenleuten gehalten hat. Dieser Vortrag aber ist so eingeschlagen, dass der eine oder die andere es nachlesen m\u00f6chte. Hartmut Rosa sagt in diesem Vortrag: Demokratie braucht Religion, und zwar weil in Religion etwas verwurzelt ist, was die Gesellschaft dringend ben\u00f6tigt: die F\u00e4higkeit zu h\u00f6ren, wom\u00f6glich mit dem Herzen. Hartmut Rosa nennt es Resonanz. Sich anrufen und verwandeln zu lassen. Das scheint ihm nicht nur eine religi\u00f6se Idee zu sein. Das braucht auch Demokratie, dass wir uns von dem Anderen, den anderen, die anderes sagen, die anders sind, existenziell anders erreichen und berufen und anrufen lassen, das -so glaubt Rosa, ist der Kern unserer gesellschaftlichen Aufgabe.<\/p>\n\n\n\n<p><strong>(in der Stadtbibliothek vorhanden)<\/strong><\/p>\n\n\n\n<p>Burkhard Seidler<\/p>\n\n\n\n<p><\/p>\n\n\n\n<p><strong>Verena Ro\u00dfbacher: Mon Ch\u00e9ri und unsere demolierten Seelen, K\u00f6ln 2022<\/strong><\/p>\n\n\n\n<p>Schon der Titel dieses Romans, f\u00fcr den die Autorin den \u00d6sterreichischen Buchpreis erhielt, weckt Erwartungen auf eine etwas schr\u00e4ge Lekt\u00fcre. Diese Erwartungen werden nicht entt\u00e4uscht. Die Ich-Erz\u00e4hlerin Charly Benz&nbsp; sieht sich in vieler Hinsicht als Verliererin im Leben: Aussehen, M\u00e4nnerbeziehungen, Karriere \u2013 alles misslungen und unbefriedigend. Nach mehreren abgebrochenen Studieng\u00e4ngen zieht sie aus der Schweiz nach Berlin, wo sie in einer Firma f\u00fcr vegane M\u00fcsliriegel f\u00fcr das Marketing zust\u00e4ndig ist. Da sie unter einer speziellen Phobie leidet \u2013 sie hat Angst, ihre Briefe zu \u00f6ffnen \u2013, wendet sie sich an Herrn Schabowski, einen gesetzten \u00e4lteren Herrn, der sie von ihrem Problem befreien will. Mit ihm hat sie viele erheiternde, aber auch nachdenklich machende Erlebnisse. Er bringt sie dazu, an einer Familienaufstellung teilzunehmen, was zu einer Wende in ihrem Leben f\u00fchrt. Bald ist sie schwanger, und als Vater kommen gleich drei M\u00e4nner in Frage. Am Ende befinden sich alle \u2013 Charly, ihre vier auch etwas verr\u00fcckten Geschwister und Schabowski \u2013 in einem geerbten verlassenen Hotel in Bad Gastein zu einer Art Showdown. Das Buch \u00fcberzeugt durch ein Zugleich von Tiefe und spr\u00fchender Unterhaltung. Es stellt die Frage nach dem \u201arichtigen\u2018 Leben und beantwortet sie ohne jede Larmoyanz.<\/p>\n\n\n\n<p>Dr. G\u00fcnter Rinke<\/p>\n\n\n\n<p><\/p>\n","protected":false},"excerpt":{"rendered":"<p>Februar 2023 Ian McEwan, Lektionen, Diogenes Verlag 2022 \u201eMy Life as a Man\u201c hie\u00df ein Roman des amerikanischen Erfolgsautors Philip Roth. Der englische Schriftsteller Ian McEwan hat nun ein weiteres Mal den Versuch gemacht, ein \u201eLeben als Mann\u201c zu schildern. Dazu braucht er 700 Seiten, die an keiner Stelle langweilig werden. Entscheidende Erfahrungen, die die [&hellip;]<\/p>\n","protected":false},"author":1,"featured_media":0,"parent":0,"menu_order":0,"comment_status":"closed","ping_status":"closed","template":"","meta":{"footnotes":""},"class_list":["post-565","page","type-page","status-publish","hentry"],"_links":{"self":[{"href":"https:\/\/foerderverein-stadtbibliothek-fl.de\/index.php\/wp-json\/wp\/v2\/pages\/565","targetHints":{"allow":["GET"]}}],"collection":[{"href":"https:\/\/foerderverein-stadtbibliothek-fl.de\/index.php\/wp-json\/wp\/v2\/pages"}],"about":[{"href":"https:\/\/foerderverein-stadtbibliothek-fl.de\/index.php\/wp-json\/wp\/v2\/types\/page"}],"author":[{"embeddable":true,"href":"https:\/\/foerderverein-stadtbibliothek-fl.de\/index.php\/wp-json\/wp\/v2\/users\/1"}],"replies":[{"embeddable":true,"href":"https:\/\/foerderverein-stadtbibliothek-fl.de\/index.php\/wp-json\/wp\/v2\/comments?post=565"}],"version-history":[{"count":9,"href":"https:\/\/foerderverein-stadtbibliothek-fl.de\/index.php\/wp-json\/wp\/v2\/pages\/565\/revisions"}],"predecessor-version":[{"id":816,"href":"https:\/\/foerderverein-stadtbibliothek-fl.de\/index.php\/wp-json\/wp\/v2\/pages\/565\/revisions\/816"}],"wp:attachment":[{"href":"https:\/\/foerderverein-stadtbibliothek-fl.de\/index.php\/wp-json\/wp\/v2\/media?parent=565"}],"curies":[{"name":"wp","href":"https:\/\/api.w.org\/{rel}","templated":true}]}}