{"id":575,"date":"2023-02-07T21:15:00","date_gmt":"2023-02-07T20:15:00","guid":{"rendered":"https:\/\/foerderverein-stadtbibliothek-fl.de\/?page_id=575"},"modified":"2025-11-26T14:38:22","modified_gmt":"2025-11-26T13:38:22","slug":"wettbewerbe","status":"publish","type":"page","link":"https:\/\/foerderverein-stadtbibliothek-fl.de\/index.php\/wettbewerbe\/","title":{"rendered":"Vorlesetag und Wettbewerbe"},"content":{"rendered":"\n<p>Nun war er endlich da, der gro\u00dfe Tag f\u00fcr acht Sch\u00fclerinnen und Sch\u00fcler der 4. Klassen! Am Nachmittag des 21.11.2025 stellten sie einem gr\u00f6\u00dferen Publikum ihr Lieblingsbuch vor. Alle Sch\u00fclerinnen und Sch\u00fcler erz\u00e4hlten \u00fcber sich und ihr Buch und lasen begeistert daraus vor. Es wurde von allen so toll vorgelesen, dass man noch gerne viel l\u00e4nger zugeh\u00f6rt h\u00e4tte.<br>Am Ende der Veranstaltung gab es noch eine \u00dcberraschung! Die Vorleserinnen und Vorleser erhielten einen Gutschein zum Kauf von neuem Lesestoff. Es durfte auch ein Abschlussfoto geben!<\/p>\n\n\n\n<figure class=\"wp-block-image size-full\"><img loading=\"lazy\" decoding=\"async\" width=\"353\" height=\"258\" src=\"https:\/\/foerderverein-stadtbibliothek-fl.de\/wp-content\/uploads\/2025\/11\/Vorlesetag-21.11.25.jpg\" alt=\"\" class=\"wp-image-1901\" srcset=\"https:\/\/foerderverein-stadtbibliothek-fl.de\/wp-content\/uploads\/2025\/11\/Vorlesetag-21.11.25.jpg 353w, https:\/\/foerderverein-stadtbibliothek-fl.de\/wp-content\/uploads\/2025\/11\/Vorlesetag-21.11.25-300x219.jpg 300w, https:\/\/foerderverein-stadtbibliothek-fl.de\/wp-content\/uploads\/2025\/11\/Vorlesetag-21.11.25-75x56.jpg 75w\" sizes=\"auto, (max-width: 353px) 100vw, 353px\" \/><\/figure>\n\n\n\n<figure class=\"wp-block-image size-large\"><img loading=\"lazy\" decoding=\"async\" width=\"729\" height=\"1024\" src=\"https:\/\/foerderverein-stadtbibliothek-fl.de\/wp-content\/uploads\/2025\/09\/Plakat-Vorlesen-fuer-Homepage-729x1024.jpg\" alt=\"\" class=\"wp-image-1845\" srcset=\"https:\/\/foerderverein-stadtbibliothek-fl.de\/wp-content\/uploads\/2025\/09\/Plakat-Vorlesen-fuer-Homepage-729x1024.jpg 729w, https:\/\/foerderverein-stadtbibliothek-fl.de\/wp-content\/uploads\/2025\/09\/Plakat-Vorlesen-fuer-Homepage-214x300.jpg 214w, https:\/\/foerderverein-stadtbibliothek-fl.de\/wp-content\/uploads\/2025\/09\/Plakat-Vorlesen-fuer-Homepage-768x1078.jpg 768w, https:\/\/foerderverein-stadtbibliothek-fl.de\/wp-content\/uploads\/2025\/09\/Plakat-Vorlesen-fuer-Homepage-356x500.jpg 356w, https:\/\/foerderverein-stadtbibliothek-fl.de\/wp-content\/uploads\/2025\/09\/Plakat-Vorlesen-fuer-Homepage.jpg 794w\" sizes=\"auto, (max-width: 729px) 100vw, 729px\" \/><\/figure>\n\n\n\n<p><\/p>\n\n\n\n<h2 class=\"wp-block-heading\">Schreibwettbewerb 2024<br>Die Sieger stehen fest:<\/h2>\n\n\n\n<p>Am 15. November fand in der Stadtbibliothek die Siegerehrung unseres diesj\u00e4hrigen Schreibwettbewerbes statt. <\/p>\n\n\n\n<p><strong>Siegerinnen sind:<\/strong> <br>Emma, Line, Mia, Lotta, Ida und Helene (konnte leider nicht dabei sein, ihre Geschichte wurde daher von Frauke Lind aus dem Orga-Team vorgelesen). Es war ein sehr unterhaltsamer Nachmittag mit wunderbaren sehr unterschiedlichen Geschichten. Nat\u00fcrlich gab es auch f\u00fcr alle Siegerinnen einen sch\u00f6nen Preis, ein Buchgutschein! Alle Teilnehmer unseres Wettbewerbes erhielten einen Buchpreis. <\/p>\n\n\n\n<figure class=\"wp-block-image size-full\"><img loading=\"lazy\" decoding=\"async\" width=\"500\" height=\"375\" src=\"https:\/\/foerderverein-stadtbibliothek-fl.de\/wp-content\/uploads\/2024\/12\/Siegerehrung-1.jpg\" alt=\"\" class=\"wp-image-1600\" srcset=\"https:\/\/foerderverein-stadtbibliothek-fl.de\/wp-content\/uploads\/2024\/12\/Siegerehrung-1.jpg 500w, https:\/\/foerderverein-stadtbibliothek-fl.de\/wp-content\/uploads\/2024\/12\/Siegerehrung-1-300x225.jpg 300w, https:\/\/foerderverein-stadtbibliothek-fl.de\/wp-content\/uploads\/2024\/12\/Siegerehrung-1-75x56.jpg 75w\" sizes=\"auto, (max-width: 500px) 100vw, 500px\" \/><\/figure>\n\n\n\n<h2 class=\"wp-block-heading\">Neuer Schreibwettbewerb<\/h2>\n\n\n\n<figure class=\"wp-block-image size-large\"><img loading=\"lazy\" decoding=\"async\" width=\"729\" height=\"1024\" src=\"https:\/\/foerderverein-stadtbibliothek-fl.de\/wp-content\/uploads\/2024\/09\/Handzettel-Schreibwettbewerb-24-final-1.-Seite-1-729x1024.png\" alt=\"\" class=\"wp-image-1474\" srcset=\"https:\/\/foerderverein-stadtbibliothek-fl.de\/wp-content\/uploads\/2024\/09\/Handzettel-Schreibwettbewerb-24-final-1.-Seite-1-729x1024.png 729w, https:\/\/foerderverein-stadtbibliothek-fl.de\/wp-content\/uploads\/2024\/09\/Handzettel-Schreibwettbewerb-24-final-1.-Seite-1-214x300.png 214w, https:\/\/foerderverein-stadtbibliothek-fl.de\/wp-content\/uploads\/2024\/09\/Handzettel-Schreibwettbewerb-24-final-1.-Seite-1-768x1078.png 768w, https:\/\/foerderverein-stadtbibliothek-fl.de\/wp-content\/uploads\/2024\/09\/Handzettel-Schreibwettbewerb-24-final-1.-Seite-1-356x500.png 356w, https:\/\/foerderverein-stadtbibliothek-fl.de\/wp-content\/uploads\/2024\/09\/Handzettel-Schreibwettbewerb-24-final-1.-Seite-1.png 794w\" sizes=\"auto, (max-width: 729px) 100vw, 729px\" \/><\/figure>\n\n\n\n<p><strong>Wir freuen uns \u00fcber deine Teilnahme. Es lohnt sich, denn neben dem Spa\u00df am Schreiben und  Vorlesen deiner Geschichte gibt es auch tolle Preise!<\/strong><\/p>\n","protected":false},"excerpt":{"rendered":"<p>Nun war er endlich da, der gro\u00dfe Tag f\u00fcr acht Sch\u00fclerinnen und Sch\u00fcler der 4. Klassen! Am Nachmittag des 21.11.2025 stellten sie einem gr\u00f6\u00dferen Publikum ihr Lieblingsbuch vor. Alle Sch\u00fclerinnen und Sch\u00fcler erz\u00e4hlten \u00fcber sich und ihr Buch und lasen begeistert daraus vor. Es wurde von allen so toll vorgelesen, dass man noch gerne viel [&hellip;]<\/p>\n","protected":false},"author":1,"featured_media":0,"parent":0,"menu_order":0,"comment_status":"closed","ping_status":"closed","template":"","meta":{"footnotes":""},"class_list":["post-575","page","type-page","status-publish","hentry"],"_links":{"self":[{"href":"https:\/\/foerderverein-stadtbibliothek-fl.de\/index.php\/wp-json\/wp\/v2\/pages\/575","targetHints":{"allow":["GET"]}}],"collection":[{"href":"https:\/\/foerderverein-stadtbibliothek-fl.de\/index.php\/wp-json\/wp\/v2\/pages"}],"about":[{"href":"https:\/\/foerderverein-stadtbibliothek-fl.de\/index.php\/wp-json\/wp\/v2\/types\/page"}],"author":[{"embeddable":true,"href":"https:\/\/foerderverein-stadtbibliothek-fl.de\/index.php\/wp-json\/wp\/v2\/users\/1"}],"replies":[{"embeddable":true,"href":"https:\/\/foerderverein-stadtbibliothek-fl.de\/index.php\/wp-json\/wp\/v2\/comments?post=575"}],"version-history":[{"count":11,"href":"https:\/\/foerderverein-stadtbibliothek-fl.de\/index.php\/wp-json\/wp\/v2\/pages\/575\/revisions"}],"predecessor-version":[{"id":1902,"href":"https:\/\/foerderverein-stadtbibliothek-fl.de\/index.php\/wp-json\/wp\/v2\/pages\/575\/revisions\/1902"}],"wp:attachment":[{"href":"https:\/\/foerderverein-stadtbibliothek-fl.de\/index.php\/wp-json\/wp\/v2\/media?parent=575"}],"curies":[{"name":"wp","href":"https:\/\/api.w.org\/{rel}","templated":true}]}}