{"id":577,"date":"2023-02-07T21:15:36","date_gmt":"2023-02-07T20:15:36","guid":{"rendered":"https:\/\/foerderverein-stadtbibliothek-fl.de\/?page_id=577"},"modified":"2026-03-30T11:52:03","modified_gmt":"2026-03-30T09:52:03","slug":"buecherbasar","status":"publish","type":"page","link":"https:\/\/foerderverein-stadtbibliothek-fl.de\/index.php\/buecherbasar\/","title":{"rendered":"B\u00fccherbasar"},"content":{"rendered":"\n<p class=\"has-medium-font-size\">Der n\u00e4chste B\u00fccherbasar findet am 3. und 4. Juli 2026 statt.<\/p>\n\n\n<div class=\"wp-block-image\">\n<figure class=\"aligncenter size-full\"><img loading=\"lazy\" decoding=\"async\" width=\"800\" height=\"877\" src=\"https:\/\/foerderverein-stadtbibliothek-fl.de\/wp-content\/uploads\/2025\/06\/2792_650_1_g.jpg\" alt=\"\" class=\"wp-image-1766\" srcset=\"https:\/\/foerderverein-stadtbibliothek-fl.de\/wp-content\/uploads\/2025\/06\/2792_650_1_g.jpg 800w, https:\/\/foerderverein-stadtbibliothek-fl.de\/wp-content\/uploads\/2025\/06\/2792_650_1_g-274x300.jpg 274w, https:\/\/foerderverein-stadtbibliothek-fl.de\/wp-content\/uploads\/2025\/06\/2792_650_1_g-768x842.jpg 768w, https:\/\/foerderverein-stadtbibliothek-fl.de\/wp-content\/uploads\/2025\/06\/2792_650_1_g-456x500.jpg 456w\" sizes=\"auto, (max-width: 800px) 100vw, 800px\" \/><\/figure>\n<\/div>\n\n<div class=\"wp-block-image\">\n<figure class=\"aligncenter size-large is-resized\"><img loading=\"lazy\" decoding=\"async\" width=\"1024\" height=\"680\" src=\"https:\/\/foerderverein-stadtbibliothek-fl.de\/wp-content\/uploads\/2023\/02\/Buecherbasar-2019-05-04-1024x680.jpg\" alt=\"\" class=\"wp-image-647\" style=\"width:612px;height:auto\" srcset=\"https:\/\/foerderverein-stadtbibliothek-fl.de\/wp-content\/uploads\/2023\/02\/Buecherbasar-2019-05-04-1024x680.jpg 1024w, https:\/\/foerderverein-stadtbibliothek-fl.de\/wp-content\/uploads\/2023\/02\/Buecherbasar-2019-05-04-300x199.jpg 300w, https:\/\/foerderverein-stadtbibliothek-fl.de\/wp-content\/uploads\/2023\/02\/Buecherbasar-2019-05-04-768x510.jpg 768w, https:\/\/foerderverein-stadtbibliothek-fl.de\/wp-content\/uploads\/2023\/02\/Buecherbasar-2019-05-04-1536x1020.jpg 1536w, https:\/\/foerderverein-stadtbibliothek-fl.de\/wp-content\/uploads\/2023\/02\/Buecherbasar-2019-05-04-2048x1360.jpg 2048w, https:\/\/foerderverein-stadtbibliothek-fl.de\/wp-content\/uploads\/2023\/02\/Buecherbasar-2019-05-04-753x500.jpg 753w\" sizes=\"auto, (max-width: 1024px) 100vw, 1024px\" \/><\/figure>\n<\/div>\n\n\n<p>Am Freitag, den 3. Juli von 14-17 Uhr und am Samstag, den 4. Juli 2026 von 10-14 Uhr veranstaltet der F\u00f6rderverein der Stadtbibliothek wieder einen B\u00fccherbasar im Vortragssaal neben der Stadtbibliothek. Angeboten werden gel\u00f6schte B\u00fccher und Medien der Stadtbibliothek und B\u00fccher aus Spenden zum Preis von jeweils einem Euro (Bildb\u00e4nde 2 Euro). Es gibt Bildb\u00e4nde, Kinder- und Jugendb\u00fccher, Sachb\u00fccher, Krimis, Romane und vieles mehr: CD\u00b4s, DVD\u00b4s, LP\u00b4s, Kindercassetten, &#8230; <\/p>\n\n\n\n<p>Es ist bestimmt auch etwas f\u00fcr Sie dabei!<\/p>\n\n\n\n<p>Spenden von gut erhaltenen B\u00fcchern und audiovisuellen Medien sind willkommen.<\/p>\n","protected":false},"excerpt":{"rendered":"<p>Der n\u00e4chste B\u00fccherbasar findet am 3. und 4. Juli 2026 statt. Am Freitag, den 3. Juli von 14-17 Uhr und am Samstag, den 4. Juli 2026 von 10-14 Uhr veranstaltet der F\u00f6rderverein der Stadtbibliothek wieder einen B\u00fccherbasar im Vortragssaal neben der Stadtbibliothek. Angeboten werden gel\u00f6schte B\u00fccher und Medien der Stadtbibliothek und B\u00fccher aus Spenden zum [&hellip;]<\/p>\n","protected":false},"author":1,"featured_media":0,"parent":0,"menu_order":0,"comment_status":"closed","ping_status":"closed","template":"","meta":{"footnotes":""},"class_list":["post-577","page","type-page","status-publish","hentry"],"_links":{"self":[{"href":"https:\/\/foerderverein-stadtbibliothek-fl.de\/index.php\/wp-json\/wp\/v2\/pages\/577","targetHints":{"allow":["GET"]}}],"collection":[{"href":"https:\/\/foerderverein-stadtbibliothek-fl.de\/index.php\/wp-json\/wp\/v2\/pages"}],"about":[{"href":"https:\/\/foerderverein-stadtbibliothek-fl.de\/index.php\/wp-json\/wp\/v2\/types\/page"}],"author":[{"embeddable":true,"href":"https:\/\/foerderverein-stadtbibliothek-fl.de\/index.php\/wp-json\/wp\/v2\/users\/1"}],"replies":[{"embeddable":true,"href":"https:\/\/foerderverein-stadtbibliothek-fl.de\/index.php\/wp-json\/wp\/v2\/comments?post=577"}],"version-history":[{"count":24,"href":"https:\/\/foerderverein-stadtbibliothek-fl.de\/index.php\/wp-json\/wp\/v2\/pages\/577\/revisions"}],"predecessor-version":[{"id":1978,"href":"https:\/\/foerderverein-stadtbibliothek-fl.de\/index.php\/wp-json\/wp\/v2\/pages\/577\/revisions\/1978"}],"wp:attachment":[{"href":"https:\/\/foerderverein-stadtbibliothek-fl.de\/index.php\/wp-json\/wp\/v2\/media?parent=577"}],"curies":[{"name":"wp","href":"https:\/\/api.w.org\/{rel}","templated":true}]}}