{"id":579,"date":"2023-02-07T21:17:02","date_gmt":"2023-02-07T20:17:02","guid":{"rendered":"https:\/\/foerderverein-stadtbibliothek-fl.de\/?page_id=579"},"modified":"2023-09-25T12:34:16","modified_gmt":"2023-09-25T10:34:16","slug":"lesefoerderung","status":"publish","type":"page","link":"https:\/\/foerderverein-stadtbibliothek-fl.de\/index.php\/lesefoerderung\/","title":{"rendered":"Projekt Lesef\u00f6rderung"},"content":{"rendered":"\n<p class=\"has-medium-font-size\"><em>\u201eAlles Gro\u00dfe, das in der Welt vollbracht wurde, spielte sich zuerst in der Fantasie eines Menschen ab, und wie die Welt von morgen aussehen wird, h\u00e4ngt zum gro\u00dfen Teil vom Ma\u00df der Einbildungskraft jener ab, die heute lesen lernen.\u201c<\/em>&nbsp;&nbsp; &nbsp;&nbsp;&nbsp;&nbsp;&nbsp;&nbsp;&nbsp; Astrid Lindgren<\/p>\n\n\n\n<p><\/p>\n\n\n\n<p class=\"has-medium-font-size\"><strong>Tr\u00e4ger:<\/strong>&nbsp; F\u00f6rderverein der Stadtbibliothek Flensburg e.V.<\/p>\n\n\n\n<p class=\"has-medium-font-size\"><strong>Koordination:<\/strong><\/p>\n\n\n\n<p>Steuerungsgruppe: Anke Katzmann, Dr. Hans C. Jacobsen, Hans Joachim Langbehn, Frauke Lind (2022)<\/p>\n\n\n\n<p><\/p>\n\n\n\n<p class=\"has-medium-font-size\"><strong>Ziele<\/strong><\/p>\n\n\n\n<p>Lesen ist eine grundlegende unverzichtbare Kulturtechnik. Lesekompetenz ist die Grundvoraussetzung f\u00fcr gute Bildung und Teilhabe am gesellschaftlichen und kulturellen Leben. Wer nicht oder nur schlecht lesen kann, ist in unserer modernen Gesellschaft verloren.<\/p>\n\n\n\n<p>Das Projekt m\u00f6chte die Lesef\u00e4higkeit und insbesondere das Textverst\u00e4ndnis von Grundsch\u00fclern\/Grundsch\u00fclerinnen verbessern, ihr Selbstwertgef\u00fchl st\u00e4rken, so dass sie sp\u00e4ter ein beruflich erfolgreiches und pers\u00f6nlich gl\u00fcckliches Leben f\u00fchren k\u00f6nnen.<\/p>\n\n\n\n<p><\/p>\n\n\n\n<p class=\"has-medium-font-size\"><strong>Umsetzung<\/strong><\/p>\n\n\n\n<p><strong>1.Lesepatinnen\/Lesepaten<\/strong><\/p>\n\n\n\n<p>Lesepatinnen\/Lesepaten sind Menschen, die selber gern lesen, die zuh\u00f6ren k\u00f6nnen und die bereit sind, Kindern Zuwendung zu geben und sie beim Lesenlernen zu unterst\u00fctzen.<\/p>\n\n\n\n<p>Sie verpflichten sich, f\u00fcr mindestens ein halbes Schuljahr einmal w\u00f6chentlich mindestens zwei Schulstunden Grundschulkindern beim Lesenlernen zu helfen. Sie werden an der Grundschule einer Klasse zugeordnet und \u00fcben jeweils mit einer wechselnden Kleingruppe von 1 bis 3 Kindern, jeweils ca. 15 Minuten.<\/p>\n\n\n\n<p>Im Schuljahr 2023\/2024 sind 122 Lesepatinnen\/Lesepaten an allen Flensburger Grundschulen und an einigen Grundschulen des Umlandes, insgesamt 26 Schulen, im Einsatz. Der Bedarf an den Schulen ist, insbesondere nach der Corona-Pandemie, noch deutlich gr\u00f6\u00dfer.<\/p>\n\n\n\n<p>Die T\u00e4tigkeit ist ehrenamtlich. Lesepaten, die mindestens 2 Jahre im Projekt mitgearbeitet haben, erhalten als Anerkennung die Ehrenamtskarte des Landes Schleswig-Holstein.<\/p>\n\n\n\n<p><\/p>\n\n\n\n<p><strong>2. Vorbereitung der Lesepatinnen\/Lesepaten und Weiterbildung<\/strong><\/p>\n\n\n\n<p>Seit Fr\u00fchjahr 2008 sind acht Einf\u00fchrungsseminare f\u00fcr Lesepatinnen\/Lesepaten durchgef\u00fchrt worden, die Vortr\u00e4ge sowie Hospitationen an einer Grundschule umfassen.<\/p>\n\n\n\n<p>J\u00e4hrlich organisiert die Steuerungsgruppe zwei Vertiefungs- und Reflexionsseminare, um die Lesepatinnen\/Lesepaten weiter zu qualifizieren und den Gedankenaustausch zwischen ihnen zu f\u00f6rdern. Themen der Seminare 2022 und 2023 waren unter anderem \u201ePsychische Befindlichkeit und Defizite der Wahrnehmung beim Lesenlernen&#8220; und &#8222;Digitales Lesetraining in der Grundschule&#8220;.<\/p>\n\n\n\n<p>H\u00f6hepunkte sind die ganzt\u00e4gigen Seminare in der Akademie Sankelmark seit 2018, die durch die gro\u00dfz\u00fcgige F\u00f6rderung durch den Lionsclub Flensburg erm\u00f6glicht wurden und an denen immer \u00fcber 50 Lesepatinnen und Lesepaten teilgenommen haben. Das Thema des letzten Seminars am 19.1.2023 lautete &#8222;Erfolgreich Lesen trainieren &#8211; auch unter erschwerten Bedingungen&#8220;<\/p>\n\n\n\n<p><\/p>\n\n\n\n<p><strong>3. Schulkoordinatoren<\/strong><\/p>\n\n\n\n<p>An jeder Grundschule gibt es eine Koordinatorin, die den Einsatz der Lespatinnen\/Lesepaten organisiert und Ansprechpartnerin f\u00fcr sie ist. Einmal j\u00e4hrlich trifft sich die Steuerungsgruppe mit den Koordinatorinnen zum Erfahrungsaustausch.<\/p>\n\n\n\n<p><\/p>\n\n\n\n<p><strong>4. Akzeptanz<\/strong><\/p>\n\n\n\n<p>Die Akzeptanz der Lesepatinnen\/Lesepaten an den Schulen ist hervorragend. Schulleitungen und Lehrkr\u00e4fte sch\u00e4tzen die Mitwirkung der Lesepaten sehr und binden sie an vielen Schulen auch in andere schulische Aktivit\u00e4ten ein. \u201eWir nehmen sie mit Kusshand\u201c, so eine Schulkoordinatorin der GS Adelby. Die Lesekinder erleben, dass jemand Zeit f\u00fcr sie hat und genie\u00dfen diese Zuwendung.<\/p>\n\n\n\n<p><\/p>\n\n\n\n<p><strong>5. Anerkennung und F\u00f6rderung<\/strong><\/p>\n\n\n\n<p>Das Projekt ist in dieser Form einzigartig in Schleswig-Holstein.<\/p>\n\n\n\n<p>Es ist mit dem \u201eKinderfreundlichkeitspreis der Stadtwerke Flensburg\u201c und dem Preis \u201eWalbusch hilft helfen\u201c f\u00fcr gesellschaftliches Engagement<a>\u201c <\/a><a href=\"#_msocom_1\">[j1]<\/a>&nbsp;ausgezeichnet worden. Die mehrfache gro\u00dfz\u00fcgige Unterst\u00fctzung des Projekts durch den Lionsclub Flensburg verdient besondere Anerkennung.<\/p>\n\n\n\n<p>Flensburg, November 2022<\/p>\n\n\n\n<hr class=\"wp-block-separator has-alpha-channel-opacity\"\/>\n\n\n\n<p><a id=\"_msocom_1\"><\/a><\/p>\n\n\n\n<p>&nbsp;<\/p>\n\n\n\n<p><\/p>\n\n\n\n<p><\/p>\n\n\n\n<hr class=\"wp-block-separator has-alpha-channel-opacity\"\/>\n\n\n\n<p><a id=\"_msocom_1\"><\/a><\/p>\n\n\n\n<p><\/p>\n","protected":false},"excerpt":{"rendered":"<p>\u201eAlles Gro\u00dfe, das in der Welt vollbracht wurde, spielte sich zuerst in der Fantasie eines Menschen ab, und wie die Welt von morgen aussehen wird, h\u00e4ngt zum gro\u00dfen Teil vom Ma\u00df der Einbildungskraft jener ab, die heute lesen lernen.\u201c&nbsp;&nbsp; &nbsp;&nbsp;&nbsp;&nbsp;&nbsp;&nbsp;&nbsp; Astrid Lindgren Tr\u00e4ger:&nbsp; F\u00f6rderverein der Stadtbibliothek Flensburg e.V. Koordination: Steuerungsgruppe: Anke Katzmann, Dr. Hans C. [&hellip;]<\/p>\n","protected":false},"author":1,"featured_media":0,"parent":0,"menu_order":0,"comment_status":"closed","ping_status":"closed","template":"","meta":{"footnotes":""},"class_list":["post-579","page","type-page","status-publish","hentry"],"_links":{"self":[{"href":"https:\/\/foerderverein-stadtbibliothek-fl.de\/index.php\/wp-json\/wp\/v2\/pages\/579","targetHints":{"allow":["GET"]}}],"collection":[{"href":"https:\/\/foerderverein-stadtbibliothek-fl.de\/index.php\/wp-json\/wp\/v2\/pages"}],"about":[{"href":"https:\/\/foerderverein-stadtbibliothek-fl.de\/index.php\/wp-json\/wp\/v2\/types\/page"}],"author":[{"embeddable":true,"href":"https:\/\/foerderverein-stadtbibliothek-fl.de\/index.php\/wp-json\/wp\/v2\/users\/1"}],"replies":[{"embeddable":true,"href":"https:\/\/foerderverein-stadtbibliothek-fl.de\/index.php\/wp-json\/wp\/v2\/comments?post=579"}],"version-history":[{"count":5,"href":"https:\/\/foerderverein-stadtbibliothek-fl.de\/index.php\/wp-json\/wp\/v2\/pages\/579\/revisions"}],"predecessor-version":[{"id":1141,"href":"https:\/\/foerderverein-stadtbibliothek-fl.de\/index.php\/wp-json\/wp\/v2\/pages\/579\/revisions\/1141"}],"wp:attachment":[{"href":"https:\/\/foerderverein-stadtbibliothek-fl.de\/index.php\/wp-json\/wp\/v2\/media?parent=579"}],"curies":[{"name":"wp","href":"https:\/\/api.w.org\/{rel}","templated":true}]}}