{"id":592,"date":"2023-02-07T21:21:44","date_gmt":"2023-02-07T20:21:44","guid":{"rendered":"https:\/\/foerderverein-stadtbibliothek-fl.de\/?page_id=592"},"modified":"2024-09-09T17:06:34","modified_gmt":"2024-09-09T15:06:34","slug":"ziele","status":"publish","type":"page","link":"https:\/\/foerderverein-stadtbibliothek-fl.de\/index.php\/ziele\/","title":{"rendered":"Unsere Ziele und Projekte"},"content":{"rendered":"\n<h2 class=\"wp-block-heading\"><\/h2>\n\n\n\n<p>Hauptziel des 2008 gegr\u00fcndeten F\u00f6rdervereins ist die finanzielle und organisatorische Unterst\u00fctzung der Stadtbibliothek Flensburg. Dar\u00fcber hinaus geht es den Mitgliedern des Vereins um die F\u00f6rderung des Lesens, insbesondere von Kindern und Jugendlichen, und von Literatur im weitesten Sinne.<\/p>\n\n\n\n<p>Um diese Ziele zu erreichen, f\u00fchren die Mitglieder des Vereins die folgenden Aktivit\u00e4ten regelm\u00e4\u00dfig durch:<\/p>\n\n\n\n<ul class=\"wp-block-list\">\n<li>B\u00fccherbasare: viermal im Jahr Verkauf von aussortierten B\u00fcchern und audiovisuellen Medien der Stadtbibliothek und von B\u00fccherspenden zum Preis von einem Euro<\/li>\n\n\n\n<li>Finanzielle Unterst\u00fctzung der Stadtbibliothek Flensburg bei besonderen Projekten und Anschaffungen<\/li>\n\n\n\n<li>Vorlesen f\u00fcr Kinder und Senioren: w\u00f6chentliche Lesungen in der Kinderecke der Stadtbibliothek und in Seniorenheimen<\/li>\n\n\n\n<li>Lesef\u00f6rderung an 27 Grundschulen in Flensburg und Umgebung mit aktuell \u00fcber 100 Lesepatinnen und Lesepaten<\/li>\n\n\n\n<li>Schreib- und Comicwettbewerbe f\u00fcr Sch\u00fclerinnen und Sch\u00fcler unterschiedlicher Klassenstufen aus Flensburg und Umgebung<\/li>\n\n\n\n<li>Regelm\u00e4\u00dfige Lesungen in Zusammenarbeit mit den Mitarbeitern der Stadtbibliothek:&nbsp; Flensburger Lesewelle am dritten Freitag im November jeden Jahres, Welttag des Buches im April, Literarisches Caf\u00e9.<\/li>\n\n\n\n<li>Sonderveranstaltungen mit Lesungen und Vortr\u00e4gen zu besonderen Themen, so 2019 zu den Flensburger H\u00f6heren Schulen im Grenzkampf 1919\/20, 2023 zu neueren Forschungsergebnissen zum Nationalsozialismus, &#8230;<\/li>\n<\/ul>\n\n\n\n<p>Der F\u00f6rderverein freut sich \u00fcber neue Mitglieder. Interessierte k\u00f6nnen sich an die Mitarbeiter in der Stadtbibliothek wenden oder direkt mit dem Vorsitzenden des Vereins Kontakt aufnehmen:<\/p>\n\n\n\n<p>Hans-Joachim Langbehn, Telefon: 0170-4069234, Mail: <a href=\"mailto:jochenlangbehn@gmail.com\">jochenlangbehn@gmail.com<\/a>.<\/p>\n\n\n\n<p><\/p>\n\n\n\n<p><strong>Wir freuen uns \u00fcber jede und jeden, die mitmachen m\u00f6chten!<\/strong><\/p>\n","protected":false},"excerpt":{"rendered":"<p>Hauptziel des 2008 gegr\u00fcndeten F\u00f6rdervereins ist die finanzielle und organisatorische Unterst\u00fctzung der Stadtbibliothek Flensburg. Dar\u00fcber hinaus geht es den Mitgliedern des Vereins um die F\u00f6rderung des Lesens, insbesondere von Kindern und Jugendlichen, und von Literatur im weitesten Sinne. Um diese Ziele zu erreichen, f\u00fchren die Mitglieder des Vereins die folgenden Aktivit\u00e4ten regelm\u00e4\u00dfig durch: Der F\u00f6rderverein [&hellip;]<\/p>\n","protected":false},"author":1,"featured_media":0,"parent":0,"menu_order":0,"comment_status":"closed","ping_status":"closed","template":"","meta":{"footnotes":""},"class_list":["post-592","page","type-page","status-publish","hentry"],"_links":{"self":[{"href":"https:\/\/foerderverein-stadtbibliothek-fl.de\/index.php\/wp-json\/wp\/v2\/pages\/592","targetHints":{"allow":["GET"]}}],"collection":[{"href":"https:\/\/foerderverein-stadtbibliothek-fl.de\/index.php\/wp-json\/wp\/v2\/pages"}],"about":[{"href":"https:\/\/foerderverein-stadtbibliothek-fl.de\/index.php\/wp-json\/wp\/v2\/types\/page"}],"author":[{"embeddable":true,"href":"https:\/\/foerderverein-stadtbibliothek-fl.de\/index.php\/wp-json\/wp\/v2\/users\/1"}],"replies":[{"embeddable":true,"href":"https:\/\/foerderverein-stadtbibliothek-fl.de\/index.php\/wp-json\/wp\/v2\/comments?post=592"}],"version-history":[{"count":7,"href":"https:\/\/foerderverein-stadtbibliothek-fl.de\/index.php\/wp-json\/wp\/v2\/pages\/592\/revisions"}],"predecessor-version":[{"id":1470,"href":"https:\/\/foerderverein-stadtbibliothek-fl.de\/index.php\/wp-json\/wp\/v2\/pages\/592\/revisions\/1470"}],"wp:attachment":[{"href":"https:\/\/foerderverein-stadtbibliothek-fl.de\/index.php\/wp-json\/wp\/v2\/media?parent=592"}],"curies":[{"name":"wp","href":"https:\/\/api.w.org\/{rel}","templated":true}]}}